{"id":7528,"date":"2023-11-27T20:00:02","date_gmt":"2023-11-27T20:00:02","guid":{"rendered":"https:\/\/staging.greatpeople.no\/?page_id=7528"},"modified":"2023-11-27T20:00:54","modified_gmt":"2023-11-27T20:00:54","slug":"data-processor","status":"publish","type":"page","link":"https:\/\/staging.greatpeople.no\/en\/data-processor\/","title":{"rendered":"Data Processor"},"content":{"rendered":"\t\t<div data-elementor-type=\"wp-page\" data-elementor-id=\"7528\" class=\"elementor elementor-7528\" data-elementor-post-type=\"page\">\n\t\t\t\t\t\t<section class=\"elementor-section elementor-top-section elementor-element elementor-element-4d0a013 elementor-section-height-min-height elementor-section-stretched section-full-height elementor-section-boxed elementor-section-height-default elementor-section-items-middle elementor-invisible\" data-id=\"4d0a013\" data-element_type=\"section\" data-e-type=\"section\" data-settings=\"{&quot;stretch_section&quot;:&quot;section-stretched&quot;,&quot;background_background&quot;:&quot;classic&quot;,&quot;animation&quot;:&quot;fadeIn&quot;}\">\n\t\t\t\t\t\t\t<div class=\"elementor-background-overlay\"><\/div>\n\t\t\t\t\t\t\t<div class=\"elementor-container elementor-column-gap-no\">\n\t\t\t\t\t<div class=\"elementor-column elementor-col-100 elementor-top-column elementor-element elementor-element-3a6fd55\" data-id=\"3a6fd55\" data-element_type=\"column\" data-e-type=\"column\">\n\t\t\t<div class=\"elementor-widget-wrap elementor-element-populated\">\n\t\t\t\t\t\t<section class=\"elementor-section elementor-inner-section elementor-element elementor-element-b9e4059 elementor-section-height-min-height elementor-hidden-desktop elementor-hidden-tablet elementor-section-boxed elementor-section-height-default\" data-id=\"b9e4059\" data-element_type=\"section\" data-e-type=\"section\" data-settings=\"{&quot;background_background&quot;:&quot;classic&quot;}\">\n\t\t\t\t\t\t\t<div class=\"elementor-background-overlay\"><\/div>\n\t\t\t\t\t\t\t<div class=\"elementor-container elementor-column-gap-default\">\n\t\t\t\t\t<div class=\"elementor-column elementor-col-100 elementor-inner-column elementor-element elementor-element-3ac80d7\" data-id=\"3ac80d7\" data-element_type=\"column\" data-e-type=\"column\">\n\t\t\t<div class=\"elementor-widget-wrap\">\n\t\t\t\t\t\t\t<\/div>\n\t\t<\/div>\n\t\t\t\t\t<\/div>\n\t\t<\/section>\n\t\t\t\t<div class=\"elementor-element elementor-element-045ba30 elementor-hidden-mobile elementor-widget elementor-widget-heading\" data-id=\"045ba30\" data-element_type=\"widget\" data-e-type=\"widget\" data-widget_type=\"heading.default\">\n\t\t\t\t<div class=\"elementor-widget-container\">\n\t\t\t\t\t<h1 class=\"elementor-heading-title elementor-size-default\">Data Processor<\/h1>\t\t\t\t<\/div>\n\t\t\t\t<\/div>\n\t\t\t\t<div class=\"elementor-element elementor-element-11ef7e5 elementor-hidden-desktop elementor-hidden-tablet elementor-widget elementor-widget-heading\" data-id=\"11ef7e5\" data-element_type=\"widget\" data-e-type=\"widget\" data-widget_type=\"heading.default\">\n\t\t\t\t<div class=\"elementor-widget-container\">\n\t\t\t\t\t<h1 class=\"elementor-heading-title elementor-size-default\">Data Processor<\/h1>\t\t\t\t<\/div>\n\t\t\t\t<\/div>\n\t\t\t\t<div class=\"elementor-element elementor-element-7e437ed elementor-hidden-desktop elementor-hidden-tablet elementor-widget elementor-widget-text-editor\" data-id=\"7e437ed\" data-element_type=\"widget\" data-e-type=\"widget\" data-widget_type=\"text-editor.default\">\n\t\t\t\t<div class=\"elementor-widget-container\">\n\t\t\t\t\t\t\t\t\tVi bringer de beste kandidater og klienter sammen gjennom ekspertise og innovative l\u00f8sninger.\t\t\t\t\t\t\t\t<\/div>\n\t\t\t\t<\/div>\n\t\t\t\t<div class=\"elementor-element elementor-element-28f16e8 elementor-hidden-phone elementor-widget elementor-widget-text-editor\" data-id=\"28f16e8\" data-element_type=\"widget\" data-e-type=\"widget\" data-widget_type=\"text-editor.default\">\n\t\t\t\t<div class=\"elementor-widget-container\">\n\t\t\t\t\t\t\t\t\tWe bring the best candidates and clients together through\nexpertise and innovative solutions.\t\t\t\t\t\t\t\t<\/div>\n\t\t\t\t<\/div>\n\t\t\t\t\t<\/div>\n\t\t<\/div>\n\t\t\t\t\t<\/div>\n\t\t<\/section>\n\t\t\t\t<section class=\"elementor-section elementor-top-section elementor-element elementor-element-c6afaf7 elementor-section-stretched elementor-section-boxed elementor-section-height-default elementor-section-height-default elementor-invisible\" data-id=\"c6afaf7\" data-element_type=\"section\" data-e-type=\"section\" data-settings=\"{&quot;stretch_section&quot;:&quot;section-stretched&quot;,&quot;background_background&quot;:&quot;classic&quot;,&quot;animation&quot;:&quot;fadeIn&quot;}\">\n\t\t\t\t\t\t<div class=\"elementor-container elementor-column-gap-default\">\n\t\t\t\t\t<div class=\"elementor-column elementor-col-100 elementor-top-column elementor-element elementor-element-55827f9\" data-id=\"55827f9\" data-element_type=\"column\" data-e-type=\"column\">\n\t\t\t<div class=\"elementor-widget-wrap elementor-element-populated\">\n\t\t\t\t\t\t<div class=\"elementor-element elementor-element-cbf234b elementor-widget elementor-widget-text-editor\" data-id=\"cbf234b\" data-element_type=\"widget\" data-e-type=\"widget\" data-widget_type=\"text-editor.default\">\n\t\t\t\t<div class=\"elementor-widget-container\">\n\t\t\t\t\t\t\t\t\t<p>The intention of the agreement is to regulate rights and obligations pursuant to law of processing of personal data. The agreement also seeks to comply with the General Data Protection Regulation (GDPR) of the European Parliament and of the Council of 27 April 2016 (in effect May 2018).<\/p><p>In some contexts, GreatPeople will be processing personal data on behalf of the Client. This can be personal data about management team, responsible leader for the position to be hired, or personal data about internal candidates.<\/p><p>GreatPeople has the right to process contact information including name, email, address, phone number, information regarding education and work experience including position, workplace, the duration of employment, remuneration, any recommendation and preferences about future career. GreatPeople will not process sensitive of personal data.<\/p><p>The purpose of the processing of personal data is to fulfil contract obligations with the Client. GreatPeople will not process personal data in any other way than that which is agreed in this agreement. To fulfil contract obligations, GreatPeople have the right to gather, register, assemble, save and transfer personal data on behalf of the Client.<\/p><p>When processing personal data on behalf of the Client, GreatPepole shall follow the routines and instructions stipulated by the Client and GreatPeople at any given time, including any transfer of personal data to a third country or an international organisation.<\/p><p>The client is entitled to access all personal data being processed on behalf of the client and the systems used for this purpose, unless otherwise is agreed upon. GreatPeople shall provide the necessary assistance for this. If the Client is facing demands from an individual to remove, view or transfer personal data processed by GreatPeople, GreatPeople should be notified by the Client to fulfil the demand. If certain data should be deleted, this shall also include data on any backup service or medium.<\/p><p>GreatPeople must observe professional secrecy with regard to the documentation and personal data to which the company has access to in accordance with this agreement. This provision also applies after the agreement has been discontinued. If GreatPeople uses a subcontractor or others not normally employed by GreatPeople, this shall be agreed in writing with the Client prior to start of the processing of personal data. GreatPeople is responsible for informing employees and subcontractors about the processing of personal data, the risk of the processing and how to handle deviation. GreatPeople will be held accountable if an employee or subcontractor violate the point above.<\/p><p>The Client accept that GreatPeople uses subcontractors to process personal data. At the time GreatPeople uses Protekt IT, Microsoft, Recman, refapp and Assessio as subcontractors for processing personal data.<\/p><p>GreatPeople shall fulfil the requirements for security measures stipulated in the GDPR, in particular Chapter 4 Articles 25 and 32. GreatPeople shall maintain a record of processing activities, and the documentation shall be available upon the Clients request. The implementation of regular security audits for systems etc. covered by this agreement shall be implemented according to the GDPR, and the Client can at any time request and perform security audits with GreatPeople.<\/p><p>GreatPeople shall report any discrepancies to the Client. In case of a personal data breach, GreatPeople must notify the Client without delay after becoming aware of a personal data breach in accordance with GDPR Section 32 no. 2.<\/p><p>This agreement is automatically terminated if the service contract between the parties is terminated. Upon termination of this agreement, GreatPeople is obliged to return or delete all personal data received and covered under this agreement, if written requested by the client within reasonable time.<\/p>\t\t\t\t\t\t\t\t<\/div>\n\t\t\t\t<\/div>\n\t\t\t\t\t<\/div>\n\t\t<\/div>\n\t\t\t\t\t<\/div>\n\t\t<\/section>\n\t\t\t\t<section class=\"elementor-section elementor-top-section elementor-element elementor-element-2ad6ab9 elementor-section-stretched elementor-section-boxed elementor-section-height-default elementor-section-height-default elementor-invisible\" data-id=\"2ad6ab9\" data-element_type=\"section\" data-e-type=\"section\" data-settings=\"{&quot;stretch_section&quot;:&quot;section-stretched&quot;,&quot;background_background&quot;:&quot;classic&quot;,&quot;animation&quot;:&quot;fadeIn&quot;}\">\n\t\t\t\t\t\t<div class=\"elementor-container elementor-column-gap-default\">\n\t\t\t\t\t<div class=\"elementor-column elementor-col-100 elementor-top-column elementor-element elementor-element-9662a12\" data-id=\"9662a12\" data-element_type=\"column\" data-e-type=\"column\">\n\t\t\t<div class=\"elementor-widget-wrap elementor-element-populated\">\n\t\t\t\t\t\t<div class=\"elementor-element elementor-element-dc1694c elementor-widget elementor-widget-heading\" data-id=\"dc1694c\" data-element_type=\"widget\" data-e-type=\"widget\" data-widget_type=\"heading.default\">\n\t\t\t\t<div class=\"elementor-widget-container\">\n\t\t\t\t\t<h2 class=\"elementor-heading-title elementor-size-default\">Vil du vite mer?<\/h2>\t\t\t\t<\/div>\n\t\t\t\t<\/div>\n\t\t\t\t<div class=\"elementor-element elementor-element-8903418 elementor-widget elementor-widget-text-editor\" data-id=\"8903418\" data-element_type=\"widget\" data-e-type=\"widget\" data-widget_type=\"text-editor.default\">\n\t\t\t\t<div class=\"elementor-widget-container\">\n\t\t\t\t\t\t\t\t\t<p>Du n\u00e5r oss p\u00e5 0047 911 67 523 eller mail mail@greatpeople.no, eller fyll inn<br \/>feltene under og send. V\u00e5re r\u00e5dgivere vil kontakte deg omg\u00e5ende.<\/p>\t\t\t\t\t\t\t\t<\/div>\n\t\t\t\t<\/div>\n\t\t\t\t<section class=\"elementor-section elementor-inner-section elementor-element elementor-element-7222855 elementor-section-boxed elementor-section-height-default elementor-section-height-default\" data-id=\"7222855\" data-element_type=\"section\" data-e-type=\"section\">\n\t\t\t\t\t\t<div class=\"elementor-container elementor-column-gap-default\">\n\t\t\t\t\t<div class=\"elementor-column elementor-col-33 elementor-inner-column elementor-element elementor-element-c181122\" data-id=\"c181122\" data-element_type=\"column\" data-e-type=\"column\">\n\t\t\t<div class=\"elementor-widget-wrap\">\n\t\t\t\t\t\t\t<\/div>\n\t\t<\/div>\n\t\t\t\t<div class=\"elementor-column elementor-col-33 elementor-inner-column elementor-element elementor-element-616115a\" data-id=\"616115a\" data-element_type=\"column\" data-e-type=\"column\">\n\t\t\t<div class=\"elementor-widget-wrap elementor-element-populated\">\n\t\t\t\t\t\t<div class=\"elementor-element elementor-element-62947d8 elementor-button-align-center elementor-widget elementor-widget-form\" data-id=\"62947d8\" data-element_type=\"widget\" data-e-type=\"widget\" data-settings=\"{&quot;step_next_label&quot;:&quot;Next&quot;,&quot;step_previous_label&quot;:&quot;Previous&quot;,&quot;button_width&quot;:&quot;100&quot;,&quot;step_type&quot;:&quot;number_text&quot;,&quot;step_icon_shape&quot;:&quot;circle&quot;}\" data-widget_type=\"form.default\">\n\t\t\t\t<div class=\"elementor-widget-container\">\n\t\t\t\t\t\t\t<form class=\"elementor-form\" method=\"post\" id=\"contact-us-form\" name=\"New Form\" aria-label=\"New Form\">\n\t\t\t<input type=\"hidden\" name=\"post_id\" value=\"7528\"\/>\n\t\t\t<input type=\"hidden\" name=\"form_id\" value=\"62947d8\"\/>\n\t\t\t<input type=\"hidden\" name=\"referer_title\" value=\"Data Processor - GreatPeople\" \/>\n\n\t\t\t\t\t\t\t<input type=\"hidden\" name=\"queried_id\" value=\"7528\"\/>\n\t\t\t\n\t\t\t<div class=\"elementor-form-fields-wrapper elementor-labels-above\">\n\t\t\t\t\t\t\t\t<div class=\"elementor-field-type-text elementor-field-group elementor-column elementor-field-group-FirstName elementor-col-100 elementor-field-required elementor-mark-required\">\n\t\t\t\t\t\t\t\t\t\t\t\t<label for=\"form-field-FirstName\" class=\"elementor-field-label\">\n\t\t\t\t\t\t\t\tNavn\t\t\t\t\t\t\t<\/label>\n\t\t\t\t\t\t\t\t\t\t\t\t\t\t<input size=\"1\" type=\"text\" name=\"form_fields[FirstName]\" id=\"form-field-FirstName\" class=\"elementor-field elementor-size-sm  elementor-field-textual\" placeholder=\"Navn\" required=\"required\">\n\t\t\t\t\t\t\t\t\t\t\t<\/div>\n\t\t\t\t\t\t\t\t<div class=\"elementor-field-type-email elementor-field-group elementor-column elementor-field-group-Email elementor-col-100 elementor-field-required elementor-mark-required\">\n\t\t\t\t\t\t\t\t\t\t\t\t<label for=\"form-field-Email\" class=\"elementor-field-label\">\n\t\t\t\t\t\t\t\tE-post\t\t\t\t\t\t\t<\/label>\n\t\t\t\t\t\t\t\t\t\t\t\t\t\t<input size=\"1\" type=\"email\" name=\"form_fields[Email]\" id=\"form-field-Email\" class=\"elementor-field elementor-size-sm  elementor-field-textual\" placeholder=\"E-post\" required=\"required\">\n\t\t\t\t\t\t\t\t\t\t\t<\/div>\n\t\t\t\t\t\t\t\t<div class=\"elementor-field-type-text elementor-field-group elementor-column elementor-field-group-Phone elementor-col-100 elementor-field-required elementor-mark-required\">\n\t\t\t\t\t\t\t\t\t\t\t\t<label for=\"form-field-Phone\" class=\"elementor-field-label\">\n\t\t\t\t\t\t\t\tTelefon\t\t\t\t\t\t\t<\/label>\n\t\t\t\t\t\t\t\t\t\t\t\t\t\t<input size=\"1\" type=\"text\" name=\"form_fields[Phone]\" id=\"form-field-Phone\" class=\"elementor-field elementor-size-sm  elementor-field-textual\" placeholder=\"Telefon\" required=\"required\">\n\t\t\t\t\t\t\t\t\t\t\t<\/div>\n\t\t\t\t\t\t\t\t<div class=\"elementor-field-type-textarea elementor-field-group elementor-column elementor-field-group-MailMsg elementor-col-100 elementor-field-required elementor-mark-required\">\n\t\t\t\t\t\t\t\t\t\t\t\t<label for=\"form-field-MailMsg\" class=\"elementor-field-label\">\n\t\t\t\t\t\t\t\tHva kan vi hjelpe deg med?\t\t\t\t\t\t\t<\/label>\n\t\t\t\t\t\t<textarea class=\"elementor-field-textual elementor-field  elementor-size-sm\" name=\"form_fields[MailMsg]\" id=\"form-field-MailMsg\" rows=\"4\" placeholder=\"Skriv melding her\" required=\"required\"><\/textarea>\t\t\t\t<\/div>\n\t\t\t\t\t\t\t\t<div class=\"elementor-field-group elementor-column elementor-field-type-submit elementor-col-100 e-form__buttons\">\n\t\t\t\t\t<button class=\"elementor-button elementor-size-md\" type=\"submit\" id=\"contact-submit\">\n\t\t\t\t\t\t<span class=\"elementor-button-content-wrapper\">\n\t\t\t\t\t\t\t\t\t\t\t\t\t\t\t\t\t\t\t\t\t\t<span class=\"elementor-button-text\">Send<\/span>\n\t\t\t\t\t\t\t\t\t\t\t\t\t<\/span>\n\t\t\t\t\t<\/button>\n\t\t\t\t<\/div>\n\t\t\t<\/div>\n\t\t<\/form>\n\t\t\t\t\t\t<\/div>\n\t\t\t\t<\/div>\n\t\t\t\t\t<\/div>\n\t\t<\/div>\n\t\t\t\t<div class=\"elementor-column elementor-col-33 elementor-inner-column elementor-element elementor-element-fea567f\" data-id=\"fea567f\" data-element_type=\"column\" data-e-type=\"column\">\n\t\t\t<div class=\"elementor-widget-wrap\">\n\t\t\t\t\t\t\t<\/div>\n\t\t<\/div>\n\t\t\t\t\t<\/div>\n\t\t<\/section>\n\t\t\t\t\t<\/div>\n\t\t<\/div>\n\t\t\t\t\t<\/div>\n\t\t<\/section>\n\t\t\t\t<\/div>\n\t\t","protected":false},"excerpt":{"rendered":"<p>Data Processor Data Processor Vi bringer de beste kandidater og klienter sammen gjennom ekspertise og innovative l\u00f8sninger.We bring the best candidates and clients together through expertise and innovative solutions. The intention of the agreement is to regulate rights and obligations pursuant to law of processing of personal data. The agreement also seeks to comply with &#8230; <a title=\"Data Processor\" class=\"read-more\" href=\"https:\/\/staging.greatpeople.no\/en\/data-processor\/\" aria-label=\"Read more about Data Processor\">Read more<\/a><\/p>\n","protected":false},"author":6,"featured_media":0,"parent":0,"menu_order":0,"comment_status":"closed","ping_status":"closed","template":"elementor_header_footer","meta":{"_acf_changed":false,"inline_featured_image":false,"footnotes":""},"class_list":["post-7528","page","type-page","status-publish"],"acf":[],"yoast_head":"<!-- This site is optimized with the Yoast SEO plugin v27.4 - https:\/\/yoast.com\/product\/yoast-seo-wordpress\/ -->\n<title>Data Processor - GreatPeople<\/title>\n<meta name=\"robots\" content=\"noindex, follow, max-snippet:-1, max-image-preview:large, max-video-preview:-1\" \/>\n<meta property=\"og:locale\" content=\"en_US\" \/>\n<meta property=\"og:type\" content=\"article\" \/>\n<meta property=\"og:title\" content=\"Data Processor - GreatPeople\" \/>\n<meta property=\"og:description\" content=\"Data Processor Data Processor Vi bringer de beste kandidater og klienter sammen gjennom ekspertise og innovative l\u00f8sninger.We bring the best candidates and clients together through expertise and innovative solutions. The intention of the agreement is to regulate rights and obligations pursuant to law of processing of personal data. The agreement also seeks to comply with ... Read more\" \/>\n<meta property=\"og:url\" content=\"https:\/\/staging.greatpeople.no\/en\/data-processor\/\" \/>\n<meta property=\"og:site_name\" content=\"GreatPeople\" \/>\n<meta property=\"article:modified_time\" content=\"2023-11-27T20:00:54+00:00\" \/>\n<meta property=\"og:image\" content=\"https:\/\/staging.greatpeople.no\/wp-content\/uploads\/2021\/03\/avollon-url-sharing.jpg\" \/>\n\t<meta property=\"og:image:width\" content=\"1200\" \/>\n\t<meta property=\"og:image:height\" content=\"627\" \/>\n\t<meta property=\"og:image:type\" content=\"image\/jpeg\" \/>\n<meta name=\"twitter:card\" content=\"summary_large_image\" \/>\n<meta name=\"twitter:label1\" content=\"Est. reading time\" \/>\n\t<meta name=\"twitter:data1\" content=\"3 minutes\" \/>\n<script type=\"application\/ld+json\" class=\"yoast-schema-graph\">{\"@context\":\"https:\\\/\\\/schema.org\",\"@graph\":[{\"@type\":\"WebPage\",\"@id\":\"https:\\\/\\\/staging.greatpeople.no\\\/en\\\/data-processor\\\/\",\"url\":\"https:\\\/\\\/staging.greatpeople.no\\\/en\\\/data-processor\\\/\",\"name\":\"Data Processor - GreatPeople\",\"isPartOf\":{\"@id\":\"https:\\\/\\\/staging.greatpeople.no\\\/en\\\/#website\"},\"datePublished\":\"2023-11-27T20:00:02+00:00\",\"dateModified\":\"2023-11-27T20:00:54+00:00\",\"breadcrumb\":{\"@id\":\"https:\\\/\\\/staging.greatpeople.no\\\/en\\\/data-processor\\\/#breadcrumb\"},\"inLanguage\":\"en-US\",\"potentialAction\":[{\"@type\":\"ReadAction\",\"target\":[\"https:\\\/\\\/staging.greatpeople.no\\\/en\\\/data-processor\\\/\"]}]},{\"@type\":\"BreadcrumbList\",\"@id\":\"https:\\\/\\\/staging.greatpeople.no\\\/en\\\/data-processor\\\/#breadcrumb\",\"itemListElement\":[{\"@type\":\"ListItem\",\"position\":1,\"name\":\"Home\",\"item\":\"https:\\\/\\\/staging.greatpeople.no\\\/en\\\/\"},{\"@type\":\"ListItem\",\"position\":2,\"name\":\"Data Processor\"}]},{\"@type\":\"WebSite\",\"@id\":\"https:\\\/\\\/staging.greatpeople.no\\\/en\\\/#website\",\"url\":\"https:\\\/\\\/staging.greatpeople.no\\\/en\\\/\",\"name\":\"GreatPeople\",\"description\":\"Vi gj\u00f8r rekruttering enklere.\",\"publisher\":{\"@id\":\"https:\\\/\\\/staging.greatpeople.no\\\/en\\\/#organization\"},\"potentialAction\":[{\"@type\":\"SearchAction\",\"target\":{\"@type\":\"EntryPoint\",\"urlTemplate\":\"https:\\\/\\\/staging.greatpeople.no\\\/en\\\/?s={search_term_string}\"},\"query-input\":{\"@type\":\"PropertyValueSpecification\",\"valueRequired\":true,\"valueName\":\"search_term_string\"}}],\"inLanguage\":\"en-US\"},{\"@type\":\"Organization\",\"@id\":\"https:\\\/\\\/staging.greatpeople.no\\\/en\\\/#organization\",\"name\":\"Avollon\",\"url\":\"https:\\\/\\\/staging.greatpeople.no\\\/en\\\/\",\"logo\":{\"@type\":\"ImageObject\",\"inLanguage\":\"en-US\",\"@id\":\"https:\\\/\\\/staging.greatpeople.no\\\/en\\\/#\\\/schema\\\/logo\\\/image\\\/\",\"url\":\"https:\\\/\\\/staging.greatpeople.no\\\/wp-content\\\/uploads\\\/2020\\\/10\\\/avollon-logo.png\",\"contentUrl\":\"https:\\\/\\\/staging.greatpeople.no\\\/wp-content\\\/uploads\\\/2020\\\/10\\\/avollon-logo.png\",\"width\":344,\"height\":134,\"caption\":\"Avollon\"},\"image\":{\"@id\":\"https:\\\/\\\/staging.greatpeople.no\\\/en\\\/#\\\/schema\\\/logo\\\/image\\\/\"},\"sameAs\":[\"https:\\\/\\\/www.linkedin.com\\\/company\\\/avollon\\\/\"]}]}<\/script>\n<!-- \/ Yoast SEO plugin. -->","yoast_head_json":{"title":"Data Processor - GreatPeople","robots":{"index":"noindex","follow":"follow","max-snippet":"max-snippet:-1","max-image-preview":"max-image-preview:large","max-video-preview":"max-video-preview:-1"},"og_locale":"en_US","og_type":"article","og_title":"Data Processor - GreatPeople","og_description":"Data Processor Data Processor Vi bringer de beste kandidater og klienter sammen gjennom ekspertise og innovative l\u00f8sninger.We bring the best candidates and clients together through expertise and innovative solutions. The intention of the agreement is to regulate rights and obligations pursuant to law of processing of personal data. The agreement also seeks to comply with ... Read more","og_url":"https:\/\/staging.greatpeople.no\/en\/data-processor\/","og_site_name":"GreatPeople","article_modified_time":"2023-11-27T20:00:54+00:00","og_image":[{"width":1200,"height":627,"url":"https:\/\/staging.greatpeople.no\/wp-content\/uploads\/2021\/03\/avollon-url-sharing.jpg","type":"image\/jpeg"}],"twitter_card":"summary_large_image","twitter_misc":{"Est. reading time":"3 minutes"},"schema":{"@context":"https:\/\/schema.org","@graph":[{"@type":"WebPage","@id":"https:\/\/staging.greatpeople.no\/en\/data-processor\/","url":"https:\/\/staging.greatpeople.no\/en\/data-processor\/","name":"Data Processor - GreatPeople","isPartOf":{"@id":"https:\/\/staging.greatpeople.no\/en\/#website"},"datePublished":"2023-11-27T20:00:02+00:00","dateModified":"2023-11-27T20:00:54+00:00","breadcrumb":{"@id":"https:\/\/staging.greatpeople.no\/en\/data-processor\/#breadcrumb"},"inLanguage":"en-US","potentialAction":[{"@type":"ReadAction","target":["https:\/\/staging.greatpeople.no\/en\/data-processor\/"]}]},{"@type":"BreadcrumbList","@id":"https:\/\/staging.greatpeople.no\/en\/data-processor\/#breadcrumb","itemListElement":[{"@type":"ListItem","position":1,"name":"Home","item":"https:\/\/staging.greatpeople.no\/en\/"},{"@type":"ListItem","position":2,"name":"Data Processor"}]},{"@type":"WebSite","@id":"https:\/\/staging.greatpeople.no\/en\/#website","url":"https:\/\/staging.greatpeople.no\/en\/","name":"GreatPeople","description":"Vi gj\u00f8r rekruttering enklere.","publisher":{"@id":"https:\/\/staging.greatpeople.no\/en\/#organization"},"potentialAction":[{"@type":"SearchAction","target":{"@type":"EntryPoint","urlTemplate":"https:\/\/staging.greatpeople.no\/en\/?s={search_term_string}"},"query-input":{"@type":"PropertyValueSpecification","valueRequired":true,"valueName":"search_term_string"}}],"inLanguage":"en-US"},{"@type":"Organization","@id":"https:\/\/staging.greatpeople.no\/en\/#organization","name":"Avollon","url":"https:\/\/staging.greatpeople.no\/en\/","logo":{"@type":"ImageObject","inLanguage":"en-US","@id":"https:\/\/staging.greatpeople.no\/en\/#\/schema\/logo\/image\/","url":"https:\/\/staging.greatpeople.no\/wp-content\/uploads\/2020\/10\/avollon-logo.png","contentUrl":"https:\/\/staging.greatpeople.no\/wp-content\/uploads\/2020\/10\/avollon-logo.png","width":344,"height":134,"caption":"Avollon"},"image":{"@id":"https:\/\/staging.greatpeople.no\/en\/#\/schema\/logo\/image\/"},"sameAs":["https:\/\/www.linkedin.com\/company\/avollon\/"]}]}},"_links":{"self":[{"href":"https:\/\/staging.greatpeople.no\/en\/wp-json\/wp\/v2\/pages\/7528","targetHints":{"allow":["GET"]}}],"collection":[{"href":"https:\/\/staging.greatpeople.no\/en\/wp-json\/wp\/v2\/pages"}],"about":[{"href":"https:\/\/staging.greatpeople.no\/en\/wp-json\/wp\/v2\/types\/page"}],"author":[{"embeddable":true,"href":"https:\/\/staging.greatpeople.no\/en\/wp-json\/wp\/v2\/users\/6"}],"replies":[{"embeddable":true,"href":"https:\/\/staging.greatpeople.no\/en\/wp-json\/wp\/v2\/comments?post=7528"}],"version-history":[{"count":0,"href":"https:\/\/staging.greatpeople.no\/en\/wp-json\/wp\/v2\/pages\/7528\/revisions"}],"wp:attachment":[{"href":"https:\/\/staging.greatpeople.no\/en\/wp-json\/wp\/v2\/media?parent=7528"}],"curies":[{"name":"wp","href":"https:\/\/api.w.org\/{rel}","templated":true}]}}